{"id":6936,"date":"2023-03-29T15:43:08","date_gmt":"2023-03-29T13:43:08","guid":{"rendered":"https:\/\/www.easydur.com\/assistenza\/"},"modified":"2023-09-08T09:43:00","modified_gmt":"2023-09-08T07:43:00","slug":"kundendienst","status":"publish","type":"page","link":"https:\/\/www.easydur.com\/de\/kundendienst\/","title":{"rendered":"Kundendienst"},"content":{"rendered":"\n<style type=\"text\/css\" data-created_by=\"avia_inline_auto\" id=\"style-css-av-lf2da6po-b0586531c2255dad0db82317043430c6\">\n.avia-section.av-lf2da6po-b0586531c2255dad0db82317043430c6{\nbackground-repeat:no-repeat;\nbackground-image:url(https:\/\/www.easydur.com\/wp-content\/uploads\/assistenza.jpg);\nbackground-position:0% 0%;\nbackground-attachment:scroll;\n}\n.avia-section.av-lf2da6po-b0586531c2255dad0db82317043430c6 .av-section-color-overlay{\nopacity:0.5;\nbackground-color:#000000;\n}\n<\/style>\n<div id='av_section_1'  class='avia-section av-lf2da6po-b0586531c2255dad0db82317043430c6 main_color avia-section-default avia-no-border-styling  avia-builder-el-0  el_before_av_section  avia-builder-el-first  avia-bg-style-scroll av-section-color-overlay-active av-minimum-height av-minimum-height-25 av-height-25  container_wrap sidebar_right'  data-section-bg-repeat='no-repeat' data-av_minimum_height_pc='25' data-av_min_height_opt='25'><div class=\"av-section-color-overlay-wrap\"><div class=\"av-section-color-overlay\"><\/div><div class='container av-section-cont-open' ><main  role=\"main\" itemprop=\"mainContentOfPage\"  class='template-page content  av-content-small alpha units'><div class='post-entry post-entry-type-page post-entry-6936'><div class='entry-content-wrapper clearfix'>\n<div  class='flex_column av-151d6i-df46da2458a4ce26ba199cd6a242f94d av_one_full  avia-builder-el-1  avia-builder-el-no-sibling  first flex_column_div  '     ><style type=\"text\/css\" data-created_by=\"avia_inline_auto\" id=\"style-css-av-lf2d9fnj-7418d10237eb1ac10032b1377c9cbf50\">\n#top .av-special-heading.av-lf2d9fnj-7418d10237eb1ac10032b1377c9cbf50{\npadding-bottom:10px;\ncolor:#ffffff;\n}\nbody .av-special-heading.av-lf2d9fnj-7418d10237eb1ac10032b1377c9cbf50 .av-special-heading-tag .heading-char{\nfont-size:25px;\n}\n.av-special-heading.av-lf2d9fnj-7418d10237eb1ac10032b1377c9cbf50 .special-heading-inner-border{\nborder-color:#ffffff;\n}\n.av-special-heading.av-lf2d9fnj-7418d10237eb1ac10032b1377c9cbf50 .av-subheading{\nfont-size:15px;\ncolor:#ffffff;\n}\nbody .av-special-heading.av-lf2d9fnj-7418d10237eb1ac10032b1377c9cbf50 .av-special-heading-tag .heading-wrap:before{\nborder-color:#ffffff;\n}\nbody .av-special-heading.av-lf2d9fnj-7418d10237eb1ac10032b1377c9cbf50 .av-special-heading-tag .heading-wrap:after{\nborder-color:#ffffff;\n}\n<\/style>\n<div  class='av-special-heading av-lf2d9fnj-7418d10237eb1ac10032b1377c9cbf50 av-special-heading-h1 custom-color-heading blockquote modern-quote modern-centered  avia-builder-el-2  el_before_av_hr  avia-builder-el-first '><div class='av_custom_color av-subheading av-subheading_above'><div style=\"margin:30px\"><span style=\"font-size:24px\">KUNDENDIENST<\/span><\/div>\n<\/div><h1 class='av-special-heading-tag '  itemprop=\"headline\"  >VOR-ORT- ODER FERNUNTERST\u00dcTZUNG UND KALIBRIERUNGSDIENSTE<\/h1><div class=\"special-heading-border\"><div class=\"special-heading-inner-border\"><\/div><\/div><\/div><br \/>\n\n<style type=\"text\/css\" data-created_by=\"avia_inline_auto\" id=\"style-css-av-y8upm-05dacb16dba1031b944faf284919c65b\">\n#top .hr.av-y8upm-05dacb16dba1031b944faf284919c65b{\nmargin-top:-10px;\nmargin-bottom:30px;\n}\n.hr.av-y8upm-05dacb16dba1031b944faf284919c65b .hr-inner{\nwidth:80px;\nborder-color:#e01b22;\n}\n<\/style>\n<div  class='hr av-y8upm-05dacb16dba1031b944faf284919c65b hr-custom  avia-builder-el-3  el_after_av_heading  avia-builder-el-last  hr-center hr-icon-no'><span class='hr-inner inner-border-av-border-fat'><span class=\"hr-inner-style\"><\/span><\/span><\/div><\/p><\/div><\/div><\/div><\/main><!-- close content main element --><\/div><\/div><\/div>\n<style type=\"text\/css\" data-created_by=\"avia_inline_auto\" id=\"style-css-av-lf1cuyai-249411918d9d70465b5b78716ceeb773\">\n.avia-section.av-lf1cuyai-249411918d9d70465b5b78716ceeb773{\nbackground-color:#f5f5f5;\nbackground-image:unset;\n}\n<\/style>\n<div id='av_section_2'  class='avia-section av-lf1cuyai-249411918d9d70465b5b78716ceeb773 main_color avia-section-default avia-no-border-styling  avia-builder-el-4  el_after_av_section  avia-builder-el-last  avia-bg-style-scroll container_wrap sidebar_right'  ><div class='container av-section-cont-open' ><div class='template-page content  av-content-small alpha units'><div class='post-entry post-entry-type-page post-entry-6936'><div class='entry-content-wrapper clearfix'>\n<div class='flex_column_table av-1q1a56-8754a001cb950ae8aeabd7894cf9a841 sc-av_one_half av-equal-height-column-flextable'>\n<style type=\"text\/css\" data-created_by=\"avia_inline_auto\" id=\"style-css-av-1q1a56-8754a001cb950ae8aeabd7894cf9a841\">\n.flex_column.av-1q1a56-8754a001cb950ae8aeabd7894cf9a841{\npadding:0px 30px 0px 0px;\nbackground-color:#ffffff;\n}\n<\/style>\n<div  class='flex_column av-1q1a56-8754a001cb950ae8aeabd7894cf9a841 av_one_half  avia-builder-el-5  el_before_av_one_half  avia-builder-el-first  first no_margin flex_column_table_cell av-equal-height-column av-align-middle av-animated-generic left-to-right  '     ><div  class='avia-slideshow av-av_slideshow-75a5107e5594c164d6089dce83b27ede avia-slideshow-no scaling av_slideshow avia-slide-slider  avia-builder-el-6  avia-builder-el-no-sibling  av-slideshow-ui av-control-default av-slideshow-autoplay av-loop-endless av-loop-manual-endless av-default-height-applied avia-slideshow-1' data-slideshow-options=\"{&quot;animation&quot;:&quot;slide&quot;,&quot;autoplay&quot;:true,&quot;loop_autoplay&quot;:&quot;endless&quot;,&quot;interval&quot;:3,&quot;loop_manual&quot;:&quot;manual-endless&quot;,&quot;autoplay_stopper&quot;:false,&quot;noNavigation&quot;:false,&quot;bg_slider&quot;:false,&quot;keep_padding&quot;:false,&quot;hoverpause&quot;:false,&quot;show_slide_delay&quot;:0}\"  itemprop=\"image\" itemscope=\"itemscope\" itemtype=\"https:\/\/schema.org\/ImageObject\" ><ul class='avia-slideshow-inner ' style='padding-bottom: 74.615384615385%;'><li  class='avia-slideshow-slide av-av_slideshow-75a5107e5594c164d6089dce83b27ede__0  slide-1 slide-odd'><div data-rel='slideshow-1' class='avia-slide-wrap '   ><img fetchpriority=\"high\" class=\"wp-image-10884 avia-img-lazy-loading-not-10884\"  src='https:\/\/www.easydur.com\/wp-content\/uploads\/tele-assistenza-easydur.jpg' width='520' height='388' title='tele-assistenza-easydur' alt=''  itemprop=\"thumbnailUrl\"   \/><\/div><\/li><li  class='avia-slideshow-slide av-av_slideshow-75a5107e5594c164d6089dce83b27ede__1  slide-2 slide-even'><div data-rel='slideshow-1' class='avia-slide-wrap '   ><img fetchpriority=\"high\" class=\"wp-image-10878 avia-img-lazy-loading-not-10878\"  src='https:\/\/www.easydur.com\/wp-content\/uploads\/assistenza-in-loco-easydur.jpg' width='520' height='388' title='assistenza-in-loco-easydur' alt=''  itemprop=\"thumbnailUrl\"   \/><\/div><\/li><\/ul><div class='avia-slideshow-arrows avia-slideshow-controls' ><a href='#prev' class='prev-slide  avia-svg-icon avia-font-svg_entypo-fontello' data-av_svg_icon='left-open-big' data-av_iconset='svg_entypo-fontello' tabindex='-1' title=\"Zur\u00fcck\"><svg version=\"1.1\" xmlns=\"http:\/\/www.w3.org\/2000\/svg\" width=\"15\" height=\"32\" viewBox=\"0 0 15 32\" preserveAspectRatio=\"xMidYMid meet\" aria-labelledby='av-svg-title-1' aria-describedby='av-svg-desc-1' role=\"graphics-symbol\" aria-hidden=\"true\">\n<title id='av-svg-title-1'>Zur\u00fcck<\/title>\n<desc id='av-svg-desc-1'>Zur\u00fcck<\/desc>\n<path d=\"M14.464 27.84q0.832 0.832 0 1.536-0.832 0.832-1.536 0l-12.544-12.608q-0.768-0.768 0-1.6l12.544-12.608q0.704-0.832 1.536 0 0.832 0.704 0 1.536l-11.456 11.904z\"><\/path>\n<\/svg><span class='avia_hidden_link_text'>Zur\u00fcck<\/span><\/a><a href='#next' class='next-slide  avia-svg-icon avia-font-svg_entypo-fontello' data-av_svg_icon='right-open-big' data-av_iconset='svg_entypo-fontello' tabindex='-1' title=\"Weiter\"><svg version=\"1.1\" xmlns=\"http:\/\/www.w3.org\/2000\/svg\" width=\"15\" height=\"32\" viewBox=\"0 0 15 32\" preserveAspectRatio=\"xMidYMid meet\" aria-labelledby='av-svg-title-2' aria-describedby='av-svg-desc-2' role=\"graphics-symbol\" aria-hidden=\"true\">\n<title id='av-svg-title-2'>Weiter<\/title>\n<desc id='av-svg-desc-2'>Weiter<\/desc>\n<path d=\"M0.416 27.84l11.456-11.84-11.456-11.904q-0.832-0.832 0-1.536 0.832-0.832 1.536 0l12.544 12.608q0.768 0.832 0 1.6l-12.544 12.608q-0.704 0.832-1.536 0-0.832-0.704 0-1.536z\"><\/path>\n<\/svg><span class='avia_hidden_link_text'>Weiter<\/span><\/a><\/div><div class='avia-slideshow-dots avia-slideshow-controls'><a href='#1' class='goto-slide active' >1<\/a><a href='#2' class='goto-slide ' >2<\/a><\/div><\/div><\/div>\n<style type=\"text\/css\" data-created_by=\"avia_inline_auto\" id=\"style-css-av-257qze-06f9c67784481f8e0e554e366ed30f24\">\n.flex_column.av-257qze-06f9c67784481f8e0e554e366ed30f24{\nbackground-color:#ffffff;\n}\n<\/style>\n<div  class='flex_column av-257qze-06f9c67784481f8e0e554e366ed30f24 av_one_half  avia-builder-el-7  el_after_av_one_half  el_before_av_one_half  no_margin flex_column_table_cell av-equal-height-column av-align-middle  '     ><p>\n<style type=\"text\/css\" data-created_by=\"avia_inline_auto\" id=\"style-css-av-1upute-754fd7cb3eea0028cbf7af1ea5233820\">\n#top .av-special-heading.av-1upute-754fd7cb3eea0028cbf7af1ea5233820{\npadding-bottom:10px;\n}\nbody .av-special-heading.av-1upute-754fd7cb3eea0028cbf7af1ea5233820 .av-special-heading-tag .heading-char{\nfont-size:25px;\n}\n.av-special-heading.av-1upute-754fd7cb3eea0028cbf7af1ea5233820 .av-subheading{\nfont-size:15px;\n}\n<\/style>\n<div  class='av-special-heading av-1upute-754fd7cb3eea0028cbf7af1ea5233820 av-special-heading-h3 blockquote modern-quote  avia-builder-el-8  el_before_av_hr  avia-builder-el-first '><h3 class='av-special-heading-tag '  itemprop=\"headline\"  >Weltweiter Service und Fernunterst\u00fctzung<\/h3><div class=\"special-heading-border\"><div class=\"special-heading-inner-border\"><\/div><\/div><\/div><br \/>\n\n<style type=\"text\/css\" data-created_by=\"avia_inline_auto\" id=\"style-css-av-1roiuy-908642daf3692759269ce50c32f986d5\">\n#top .hr.av-1roiuy-908642daf3692759269ce50c32f986d5{\nmargin-top:-10px;\nmargin-bottom:30px;\n}\n.hr.av-1roiuy-908642daf3692759269ce50c32f986d5 .hr-inner{\nwidth:80px;\nborder-color:#e01b22;\n}\n<\/style>\n<div  id=\"lineadetprod\"  class='hr av-1roiuy-908642daf3692759269ce50c32f986d5 hr-custom  avia-builder-el-9  el_after_av_heading  el_before_av_textblock  hr-left hr-icon-no'><span class='hr-inner inner-border-av-border-fat'><span class=\"hr-inner-style\"><\/span><\/span><\/div><br \/>\n<section  class='av_textblock_section av-1k238a-350065064eabb61bf9f6e05796bcee99 '   itemscope=\"itemscope\" itemtype=\"https:\/\/schema.org\/CreativeWork\" ><div class='avia_textblock'  itemprop=\"text\" ><p><strong>Easydur bietet effiziente Unterst\u00fctzungsdienste direkt beim Kunden vor Ort<\/strong>. Die Techniker von Easydur sind in der ganzen Welt unterwegs, um die Bed\u00fcrfnisse eines gro\u00dfen internationalen Kundenstamms zu erf\u00fcllen. Dank der Windows 10\/11-Architektur, auf der die Easydur-PCs und die Software basieren, ist es au\u00dferdem m\u00f6glich, Fernunterst\u00fctzung und Firmware-Updates \u00fcber das Fernzugriffsprogramm <strong>TeamViewer<\/strong> durchzuf\u00fchren.<\/p>\n<\/div><\/section><br \/>\n<div  class='avia-button-wrap av-lf2bo0fo-9d2c7271a40f66ce4bb7948831ad9306-wrap avia-button-left  avia-builder-el-11  el_after_av_textblock  avia-builder-el-last '><a href='https:\/\/www.easydur.com\/de\/kontakte\/'  class='avia-button av-lf2bo0fo-9d2c7271a40f66ce4bb7948831ad9306 av-link-btn avia-icon_select-no avia-size-large avia-position-left avia-color-theme-color'   aria-label=\"Kontaktieren Sie uns, um Hilfe zu erhalten\"><span class='avia_iconbox_title' >Kontaktieren Sie uns, um Hilfe zu erhalten<\/span><\/a><\/div><\/p><\/div><\/div><!--close column table wrapper. Autoclose: 1 --><div class='flex_column_table av-hetky-ec5dc3d2e8a5911adc24fcad11b7dcb1 sc-av_one_half av-equal-height-column-flextable'>\n<style type=\"text\/css\" data-created_by=\"avia_inline_auto\" id=\"style-css-av-hetky-ec5dc3d2e8a5911adc24fcad11b7dcb1\">\n.flex_column.av-hetky-ec5dc3d2e8a5911adc24fcad11b7dcb1{\npadding:0px 30px 0px 0px;\nbackground-color:#ffffff;\n}\n<\/style>\n<div  class='flex_column av-hetky-ec5dc3d2e8a5911adc24fcad11b7dcb1 av_one_half  avia-builder-el-12  el_after_av_one_half  el_before_av_one_half  first no_margin flex_column_table_cell av-equal-height-column av-align-middle av-animated-generic left-to-right  column-top-margin'     ><style type=\"text\/css\" data-created_by=\"avia_inline_auto\" id=\"style-css-av-9g0qi-15b34dd651491e6dc038bb21ad6c730b\">\n.avia-image-container.av-9g0qi-15b34dd651491e6dc038bb21ad6c730b img.avia_image{\nbox-shadow:none;\n}\n.avia-image-container.av-9g0qi-15b34dd651491e6dc038bb21ad6c730b .av-image-caption-overlay-center{\ncolor:#ffffff;\n}\n<\/style>\n<div  class='avia-image-container av-9g0qi-15b34dd651491e6dc038bb21ad6c730b av-styling- avia-align-center  avia-builder-el-13  avia-builder-el-no-sibling '   itemprop=\"image\" itemscope=\"itemscope\" itemtype=\"https:\/\/schema.org\/ImageObject\" ><div class=\"avia-image-container-inner\"><div class=\"avia-image-overlay-wrap\"><img fetchpriority=\"high\" class='wp-image-10674 avia-img-lazy-loading-not-10674 avia_image ' src='https:\/\/www.easydur.com\/wp-content\/uploads\/servizio-di-taratura-macchine-di-prova.jpg' alt='Servizio di taratura macchine di prova' title='servizio-di-taratura-macchine-di-prova'  height=\"382\" width=\"574\"  itemprop=\"thumbnailUrl\"  \/><\/div><\/div><\/div><\/div>\n<style type=\"text\/css\" data-created_by=\"avia_inline_auto\" id=\"style-css-av-5geze-f9c42417ffe6c2a82ad1f199ce236b4a\">\n.flex_column.av-5geze-f9c42417ffe6c2a82ad1f199ce236b4a{\nbackground-color:#ffffff;\n}\n<\/style>\n<div  class='flex_column av-5geze-f9c42417ffe6c2a82ad1f199ce236b4a av_one_half  avia-builder-el-14  el_after_av_one_half  avia-builder-el-last  no_margin flex_column_table_cell av-equal-height-column av-align-middle  column-top-margin'     ><p>\n<style type=\"text\/css\" data-created_by=\"avia_inline_auto\" id=\"style-css-av-lf2bmro1-5d95ae84f5cd60d7c4284da2fa2af938\">\n#top .av-special-heading.av-lf2bmro1-5d95ae84f5cd60d7c4284da2fa2af938{\npadding-bottom:10px;\n}\nbody .av-special-heading.av-lf2bmro1-5d95ae84f5cd60d7c4284da2fa2af938 .av-special-heading-tag .heading-char{\nfont-size:25px;\n}\n.av-special-heading.av-lf2bmro1-5d95ae84f5cd60d7c4284da2fa2af938 .av-subheading{\nfont-size:15px;\n}\n<\/style>\n<div  class='av-special-heading av-lf2bmro1-5d95ae84f5cd60d7c4284da2fa2af938 av-special-heading-h3 blockquote modern-quote  avia-builder-el-15  el_before_av_hr  avia-builder-el-first '><h3 class='av-special-heading-tag '  itemprop=\"headline\"  >Kalibrierservice f\u00fcr W\u00e4gezellen<\/h3><div class=\"special-heading-border\"><div class=\"special-heading-inner-border\"><\/div><\/div><\/div><br \/>\n\n<style type=\"text\/css\" data-created_by=\"avia_inline_auto\" id=\"style-css-av-1fr95m-df26e93c9abe4d7bfdede41158a4861e\">\n#top .hr.av-1fr95m-df26e93c9abe4d7bfdede41158a4861e{\nmargin-top:-10px;\nmargin-bottom:30px;\n}\n.hr.av-1fr95m-df26e93c9abe4d7bfdede41158a4861e .hr-inner{\nwidth:80px;\nborder-color:#e01b22;\n}\n<\/style>\n<div  id=\"lineadetprod\"  class='hr av-1fr95m-df26e93c9abe4d7bfdede41158a4861e hr-custom  avia-builder-el-16  el_after_av_heading  el_before_av_textblock  hr-left hr-icon-no'><span class='hr-inner inner-border-av-border-fat'><span class=\"hr-inner-style\"><\/span><\/span><\/div><br \/>\n<section  class='av_textblock_section av-lf2bn3zr-dc66e7f476ce960581fbf5bd040641ba '   itemscope=\"itemscope\" itemtype=\"https:\/\/schema.org\/CreativeWork\" ><div class='avia_textblock'  itemprop=\"text\" ><p>Es gibt zwei Faktoren, die das perfekte Funktionieren einer Pr\u00fcfmaschine gew\u00e4hrleisten: ein fachgerechter Produktionsprozess und eine <strong>korrekte Kalibrierung<\/strong>. Aus diesem Grund bietet Easydur seinen Kunden einen Kalibrierungsdienst f\u00fcr W\u00e4gezellen an, der von hochqualifiziertem Personal durchgef\u00fchrt wird, das in der Lage ist, Maschinen f\u00fcr Zug- und Druckpr\u00fcfungen, Torsiometer und H\u00e4rtepr\u00fcfger\u00e4te zu kalibrieren. Auch hier handelt es sich um einen <strong>Service mit weltweiter Abdeckung<\/strong>.<\/p>\n<\/div><\/section><br \/>\n<div  class='avia-button-wrap av-17f6oq-c3d18b5ba113a0b758b8f71ef2e7e17b-wrap avia-button-left  avia-builder-el-18  el_after_av_textblock  avia-builder-el-last '><a href='https:\/\/www.easydur.com\/de\/kontakte\/'  class='avia-button av-17f6oq-c3d18b5ba113a0b758b8f71ef2e7e17b av-link-btn avia-icon_select-no avia-size-large avia-position-left avia-color-theme-color'   aria-label=\"Kontaktieren Sie uns f\u00fcr die Kalibrierung\"><span class='avia_iconbox_title' >Kontaktieren Sie uns f\u00fcr die Kalibrierung<\/span><\/a><\/div><\/p><\/div><\/div><!--close column table wrapper. Autoclose: 1 --><\/div><\/div><\/div><!-- close content main div --><\/div><\/div><div id='after_section_2'  class='main_color av_default_container_wrap container_wrap sidebar_right'  ><div class='container av-section-cont-open' ><div class='template-page content  av-content-small alpha units'><div class='post-entry post-entry-type-page post-entry-6936'><div class='entry-content-wrapper clearfix'><\/p>\n","protected":false},"excerpt":{"rendered":"","protected":false},"author":1,"featured_media":6325,"parent":0,"menu_order":0,"comment_status":"closed","ping_status":"closed","template":"","meta":{"inline_featured_image":false,"footnotes":""},"class_list":["post-6936","page","type-page","status-publish","has-post-thumbnail","hentry"],"yoast_head":"<!-- This site is optimized with the Yoast SEO plugin v27.3 - https:\/\/yoast.com\/product\/yoast-seo-wordpress\/ -->\n<title>Easydur: vor-Ort-Unterst\u00fctzung, Fernunterst\u00fctzung, Kalibrierung<\/title>\n<meta name=\"description\" content=\"Kontaktieren Sie uns f\u00fcr jede Art von Unterst\u00fctzung, in Ihrem Unternehmen oder aus der Ferne, sogar um die Kalibrierung Ihrer Pr\u00fcfmaschinen durchzuf\u00fchren.\" \/>\n<meta name=\"robots\" content=\"index, follow, max-snippet:-1, max-image-preview:large, max-video-preview:-1\" \/>\n<link rel=\"canonical\" href=\"https:\/\/www.easydur.com\/de\/kundendienst\/\" \/>\n<meta property=\"og:locale\" content=\"de_DE\" \/>\n<meta property=\"og:type\" content=\"article\" \/>\n<meta property=\"og:title\" content=\"Easydur: vor-Ort-Unterst\u00fctzung, Fernunterst\u00fctzung, Kalibrierung\" \/>\n<meta property=\"og:description\" content=\"Kontaktieren Sie uns f\u00fcr jede Art von Unterst\u00fctzung, in Ihrem Unternehmen oder aus der Ferne, sogar um die Kalibrierung Ihrer Pr\u00fcfmaschinen durchzuf\u00fchren.\" \/>\n<meta property=\"og:url\" content=\"https:\/\/www.easydur.com\/de\/kundendienst\/\" \/>\n<meta property=\"og:site_name\" content=\"Easydur\" \/>\n<meta property=\"article:modified_time\" content=\"2023-09-08T07:43:00+00:00\" \/>\n<meta property=\"og:image\" content=\"https:\/\/www.easydur.com\/wp-content\/uploads\/icona-assistenza-easydur-srl.jpg\" \/>\n\t<meta property=\"og:image:width\" content=\"400\" \/>\n\t<meta property=\"og:image:height\" content=\"400\" \/>\n\t<meta property=\"og:image:type\" content=\"image\/jpeg\" \/>\n<meta name=\"twitter:card\" content=\"summary_large_image\" \/>\n<meta name=\"twitter:label1\" content=\"Gesch\u00e4tzte Lesezeit\" \/>\n\t<meta name=\"twitter:data1\" content=\"8\u00a0Minuten\" \/>\n<script type=\"application\/ld+json\" class=\"yoast-schema-graph\">{\"@context\":\"https:\\\/\\\/schema.org\",\"@graph\":[{\"@type\":\"WebPage\",\"@id\":\"https:\\\/\\\/www.easydur.com\\\/de\\\/kundendienst\\\/\",\"url\":\"https:\\\/\\\/www.easydur.com\\\/de\\\/kundendienst\\\/\",\"name\":\"Easydur: vor-Ort-Unterst\u00fctzung, Fernunterst\u00fctzung, Kalibrierung\",\"isPartOf\":{\"@id\":\"https:\\\/\\\/www.easydur.com\\\/de\\\/#website\"},\"primaryImageOfPage\":{\"@id\":\"https:\\\/\\\/www.easydur.com\\\/de\\\/kundendienst\\\/#primaryimage\"},\"image\":{\"@id\":\"https:\\\/\\\/www.easydur.com\\\/de\\\/kundendienst\\\/#primaryimage\"},\"thumbnailUrl\":\"https:\\\/\\\/www.easydur.com\\\/wp-content\\\/uploads\\\/icona-assistenza-easydur-srl.jpg\",\"datePublished\":\"2023-03-29T13:43:08+00:00\",\"dateModified\":\"2023-09-08T07:43:00+00:00\",\"description\":\"Kontaktieren Sie uns f\u00fcr jede Art von Unterst\u00fctzung, in Ihrem Unternehmen oder aus der Ferne, sogar um die Kalibrierung Ihrer Pr\u00fcfmaschinen durchzuf\u00fchren.\",\"breadcrumb\":{\"@id\":\"https:\\\/\\\/www.easydur.com\\\/de\\\/kundendienst\\\/#breadcrumb\"},\"inLanguage\":\"de\",\"potentialAction\":[{\"@type\":\"ReadAction\",\"target\":[\"https:\\\/\\\/www.easydur.com\\\/de\\\/kundendienst\\\/\"]}]},{\"@type\":\"ImageObject\",\"inLanguage\":\"de\",\"@id\":\"https:\\\/\\\/www.easydur.com\\\/de\\\/kundendienst\\\/#primaryimage\",\"url\":\"https:\\\/\\\/www.easydur.com\\\/wp-content\\\/uploads\\\/icona-assistenza-easydur-srl.jpg\",\"contentUrl\":\"https:\\\/\\\/www.easydur.com\\\/wp-content\\\/uploads\\\/icona-assistenza-easydur-srl.jpg\",\"width\":400,\"height\":400,\"caption\":\"servizio assistenza Easydur S.r.l.\"},{\"@type\":\"BreadcrumbList\",\"@id\":\"https:\\\/\\\/www.easydur.com\\\/de\\\/kundendienst\\\/#breadcrumb\",\"itemListElement\":[{\"@type\":\"ListItem\",\"position\":1,\"name\":\"Home\",\"item\":\"https:\\\/\\\/www.easydur.com\\\/de\\\/easydur\\\/\"},{\"@type\":\"ListItem\",\"position\":2,\"name\":\"Kundendienst\"}]},{\"@type\":\"WebSite\",\"@id\":\"https:\\\/\\\/www.easydur.com\\\/de\\\/#website\",\"url\":\"https:\\\/\\\/www.easydur.com\\\/de\\\/\",\"name\":\"Easydur\",\"description\":\"\",\"potentialAction\":[{\"@type\":\"SearchAction\",\"target\":{\"@type\":\"EntryPoint\",\"urlTemplate\":\"https:\\\/\\\/www.easydur.com\\\/de\\\/?s={search_term_string}\"},\"query-input\":{\"@type\":\"PropertyValueSpecification\",\"valueRequired\":true,\"valueName\":\"search_term_string\"}}],\"inLanguage\":\"de\"}]}<\/script>\n<!-- \/ Yoast SEO plugin. -->","yoast_head_json":{"title":"Easydur: vor-Ort-Unterst\u00fctzung, Fernunterst\u00fctzung, Kalibrierung","description":"Kontaktieren Sie uns f\u00fcr jede Art von Unterst\u00fctzung, in Ihrem Unternehmen oder aus der Ferne, sogar um die Kalibrierung Ihrer Pr\u00fcfmaschinen durchzuf\u00fchren.","robots":{"index":"index","follow":"follow","max-snippet":"max-snippet:-1","max-image-preview":"max-image-preview:large","max-video-preview":"max-video-preview:-1"},"canonical":"https:\/\/www.easydur.com\/de\/kundendienst\/","og_locale":"de_DE","og_type":"article","og_title":"Easydur: vor-Ort-Unterst\u00fctzung, Fernunterst\u00fctzung, Kalibrierung","og_description":"Kontaktieren Sie uns f\u00fcr jede Art von Unterst\u00fctzung, in Ihrem Unternehmen oder aus der Ferne, sogar um die Kalibrierung Ihrer Pr\u00fcfmaschinen durchzuf\u00fchren.","og_url":"https:\/\/www.easydur.com\/de\/kundendienst\/","og_site_name":"Easydur","article_modified_time":"2023-09-08T07:43:00+00:00","og_image":[{"width":400,"height":400,"url":"https:\/\/www.easydur.com\/wp-content\/uploads\/icona-assistenza-easydur-srl.jpg","type":"image\/jpeg"}],"twitter_card":"summary_large_image","twitter_misc":{"Gesch\u00e4tzte Lesezeit":"8\u00a0Minuten"},"schema":{"@context":"https:\/\/schema.org","@graph":[{"@type":"WebPage","@id":"https:\/\/www.easydur.com\/de\/kundendienst\/","url":"https:\/\/www.easydur.com\/de\/kundendienst\/","name":"Easydur: vor-Ort-Unterst\u00fctzung, Fernunterst\u00fctzung, Kalibrierung","isPartOf":{"@id":"https:\/\/www.easydur.com\/de\/#website"},"primaryImageOfPage":{"@id":"https:\/\/www.easydur.com\/de\/kundendienst\/#primaryimage"},"image":{"@id":"https:\/\/www.easydur.com\/de\/kundendienst\/#primaryimage"},"thumbnailUrl":"https:\/\/www.easydur.com\/wp-content\/uploads\/icona-assistenza-easydur-srl.jpg","datePublished":"2023-03-29T13:43:08+00:00","dateModified":"2023-09-08T07:43:00+00:00","description":"Kontaktieren Sie uns f\u00fcr jede Art von Unterst\u00fctzung, in Ihrem Unternehmen oder aus der Ferne, sogar um die Kalibrierung Ihrer Pr\u00fcfmaschinen durchzuf\u00fchren.","breadcrumb":{"@id":"https:\/\/www.easydur.com\/de\/kundendienst\/#breadcrumb"},"inLanguage":"de","potentialAction":[{"@type":"ReadAction","target":["https:\/\/www.easydur.com\/de\/kundendienst\/"]}]},{"@type":"ImageObject","inLanguage":"de","@id":"https:\/\/www.easydur.com\/de\/kundendienst\/#primaryimage","url":"https:\/\/www.easydur.com\/wp-content\/uploads\/icona-assistenza-easydur-srl.jpg","contentUrl":"https:\/\/www.easydur.com\/wp-content\/uploads\/icona-assistenza-easydur-srl.jpg","width":400,"height":400,"caption":"servizio assistenza Easydur S.r.l."},{"@type":"BreadcrumbList","@id":"https:\/\/www.easydur.com\/de\/kundendienst\/#breadcrumb","itemListElement":[{"@type":"ListItem","position":1,"name":"Home","item":"https:\/\/www.easydur.com\/de\/easydur\/"},{"@type":"ListItem","position":2,"name":"Kundendienst"}]},{"@type":"WebSite","@id":"https:\/\/www.easydur.com\/de\/#website","url":"https:\/\/www.easydur.com\/de\/","name":"Easydur","description":"","potentialAction":[{"@type":"SearchAction","target":{"@type":"EntryPoint","urlTemplate":"https:\/\/www.easydur.com\/de\/?s={search_term_string}"},"query-input":{"@type":"PropertyValueSpecification","valueRequired":true,"valueName":"search_term_string"}}],"inLanguage":"de"}]}},"_links":{"self":[{"href":"https:\/\/www.easydur.com\/de\/wp-json\/wp\/v2\/pages\/6936","targetHints":{"allow":["GET"]}}],"collection":[{"href":"https:\/\/www.easydur.com\/de\/wp-json\/wp\/v2\/pages"}],"about":[{"href":"https:\/\/www.easydur.com\/de\/wp-json\/wp\/v2\/types\/page"}],"author":[{"embeddable":true,"href":"https:\/\/www.easydur.com\/de\/wp-json\/wp\/v2\/users\/1"}],"replies":[{"embeddable":true,"href":"https:\/\/www.easydur.com\/de\/wp-json\/wp\/v2\/comments?post=6936"}],"version-history":[{"count":0,"href":"https:\/\/www.easydur.com\/de\/wp-json\/wp\/v2\/pages\/6936\/revisions"}],"wp:featuredmedia":[{"embeddable":true,"href":"https:\/\/www.easydur.com\/de\/wp-json\/wp\/v2\/media\/6325"}],"wp:attachment":[{"href":"https:\/\/www.easydur.com\/de\/wp-json\/wp\/v2\/media?parent=6936"}],"curies":[{"name":"wp","href":"https:\/\/api.w.org\/{rel}","templated":true}]}}