{"id":6929,"date":"2023-02-27T12:57:30","date_gmt":"2023-02-27T11:57:30","guid":{"rendered":"https:\/\/www.easydur.com\/contatti\/"},"modified":"2023-10-23T16:49:40","modified_gmt":"2023-10-23T14:49:40","slug":"kontakte","status":"publish","type":"page","link":"https:\/\/www.easydur.com\/de\/kontakte\/","title":{"rendered":"Kontakte"},"content":{"rendered":"\n<style type=\"text\/css\" data-created_by=\"avia_inline_auto\" id=\"style-css-av-lee5vzti-c0433d51e381b8208addfe01c5afbe8c\">\n.avia-section.av-lee5vzti-c0433d51e381b8208addfe01c5afbe8c{\nbackground-color:#464646;\nbackground-image:unset;\n}\n<\/style>\n<div id='av_section_1'  class='avia-section av-lee5vzti-c0433d51e381b8208addfe01c5afbe8c main_color avia-section-no-padding avia-no-border-styling  avia-builder-el-0  el_before_av_section  avia-builder-el-first  headercategorie avia-bg-style-scroll container_wrap sidebar_right'  ><div class='container av-section-cont-open' ><main  role=\"main\" itemprop=\"mainContentOfPage\"  class='template-page content  av-content-small alpha units'><div class='post-entry post-entry-type-page post-entry-6929'><div class='entry-content-wrapper clearfix'>\n<div class='flex_column_table av-lee64m2g-ec556eeb1fa5d879efb6aa220b4f929f sc-av_one_full av-equal-height-column-flextable'><div  class='flex_column av-lee64m2g-ec556eeb1fa5d879efb6aa220b4f929f av_one_full  avia-builder-el-1  avia-builder-el-no-sibling  first flex_column_table_cell av-equal-height-column av-align-middle av-animated-generic fade-in  '     ><p>\n<style type=\"text\/css\" data-created_by=\"avia_inline_auto\" id=\"style-css-av-eszwy-edf1899702a9ab76f01273f82292a622\">\n#top .hr.hr-invisible.av-eszwy-edf1899702a9ab76f01273f82292a622{\nheight:50px;\n}\n<\/style>\n<div  class='hr av-eszwy-edf1899702a9ab76f01273f82292a622 hr-invisible  avia-builder-el-2  el_before_av_heading  avia-builder-el-first  av-desktop-hide av-medium-hide'><span class='hr-inner '><span class=\"hr-inner-style\"><\/span><\/span><\/div><br \/>\n\n<style type=\"text\/css\" data-created_by=\"avia_inline_auto\" id=\"style-css-av-lee62h7c-16e32e4156be3608b95d13c7a8742492\">\n#top .av-special-heading.av-lee62h7c-16e32e4156be3608b95d13c7a8742492{\npadding-bottom:10px;\ncolor:#ffffff;\nfont-size:36px;\n}\nbody .av-special-heading.av-lee62h7c-16e32e4156be3608b95d13c7a8742492 .av-special-heading-tag .heading-char{\nfont-size:25px;\n}\n#top #wrap_all .av-special-heading.av-lee62h7c-16e32e4156be3608b95d13c7a8742492 .av-special-heading-tag{\nfont-size:36px;\n}\n.av-special-heading.av-lee62h7c-16e32e4156be3608b95d13c7a8742492 .special-heading-inner-border{\nborder-color:#ffffff;\n}\n.av-special-heading.av-lee62h7c-16e32e4156be3608b95d13c7a8742492 .av-subheading{\nfont-size:15px;\ncolor:#ffffff;\n}\nbody .av-special-heading.av-lee62h7c-16e32e4156be3608b95d13c7a8742492 .av-special-heading-tag .heading-wrap:before{\nborder-color:#ffffff;\n}\nbody .av-special-heading.av-lee62h7c-16e32e4156be3608b95d13c7a8742492 .av-special-heading-tag .heading-wrap:after{\nborder-color:#ffffff;\n}\n\n@media only screen and (min-width: 480px) and (max-width: 767px){ \n#top #wrap_all .av-special-heading.av-lee62h7c-16e32e4156be3608b95d13c7a8742492 .av-special-heading-tag{\nfont-size:0.8em;\n}\n}\n\n@media only screen and (max-width: 479px){ \n#top #wrap_all .av-special-heading.av-lee62h7c-16e32e4156be3608b95d13c7a8742492 .av-special-heading-tag{\nfont-size:0.8em;\n}\n}\n<\/style>\n<div  class='av-special-heading av-lee62h7c-16e32e4156be3608b95d13c7a8742492 av-special-heading-h1 custom-color-heading blockquote modern-quote  avia-builder-el-3  el_after_av_hr  el_before_av_hr  av-inherit-size'><div class='av_custom_color av-subheading av-subheading_above'><h2>KONTAKTE<\/h2>\n<\/div><h1 class='av-special-heading-tag '  itemprop=\"headline\"  >M\u00f6chten Sie weitere Informationen \u00fcber Pr\u00fcfmaschinen und das gesamte EasyDur-System erhalten?<\/h1><div class=\"special-heading-border\"><div class=\"special-heading-inner-border\"><\/div><\/div><\/div><br \/>\n\n<style type=\"text\/css\" data-created_by=\"avia_inline_auto\" id=\"style-css-av-75sia-498bd0fdd7a2987ac460fad36309544f\">\n#top .hr.av-75sia-498bd0fdd7a2987ac460fad36309544f{\nmargin-top:-10px;\nmargin-bottom:30px;\n}\n.hr.av-75sia-498bd0fdd7a2987ac460fad36309544f .hr-inner{\nwidth:80px;\nborder-color:#e01b22;\n}\n<\/style>\n<div  class='hr av-75sia-498bd0fdd7a2987ac460fad36309544f hr-custom  avia-builder-el-4  el_after_av_heading  avia-builder-el-last  hr-left hr-icon-no'><span class='hr-inner inner-border-av-border-fat'><span class=\"hr-inner-style\"><\/span><\/span><\/div><\/p><\/div><\/div><!--close column table wrapper. Autoclose: 1 -->\n\n<\/div><\/div><\/main><!-- close content main element --><\/div><\/div>\n<style type=\"text\/css\" data-created_by=\"avia_inline_auto\" id=\"style-css-av-4pgylb-1b125c4bc286f93501b5eeeffd90b5f3\">\n.avia-section.av-4pgylb-1b125c4bc286f93501b5eeeffd90b5f3{\nbackground-color:#f5f5f5;\nbackground-image:url(https:\/\/www.easydur.com\/wp-content\/uploads\/Raggruppa-100-1.svg);\nbackground-repeat:no-repeat;\nbackground-position:0% 100%;\nbackground-attachment:scroll;\nmargin-top:0px;\nmargin-bottom:0px;\n}\n<\/style>\n<div id='av_section_2'  class='avia-section av-4pgylb-1b125c4bc286f93501b5eeeffd90b5f3 main_color avia-section-default avia-no-border-styling  avia-builder-el-5  el_after_av_section  avia-builder-el-last  avia-bg-style-scroll container_wrap sidebar_right'  data-section-bg-repeat='no-repeat'><div class='container av-section-cont-open' ><div class='template-page content  av-content-small alpha units'><div class='post-entry post-entry-type-page post-entry-6929'><div class='entry-content-wrapper clearfix'>\n\n<style type=\"text\/css\" data-created_by=\"avia_inline_auto\" id=\"style-css-av-1am7qp-ec86b431b76a9e76c890a715ffe4dbd3\">\n#top .flex_column.av-1am7qp-ec86b431b76a9e76c890a715ffe4dbd3{\nmargin-top:0px;\nmargin-bottom:0px;\n}\n.flex_column.av-1am7qp-ec86b431b76a9e76c890a715ffe4dbd3{\npadding:40px 60px 0 60px;\nbackground-color:#ffffff;\n}\n.responsive #top #wrap_all .flex_column.av-1am7qp-ec86b431b76a9e76c890a715ffe4dbd3{\nmargin-top:0px;\nmargin-bottom:0px;\n}\n<\/style>\n<div  class='flex_column av-1am7qp-ec86b431b76a9e76c890a715ffe4dbd3 av_one_full  avia-builder-el-6  el_before_av_one_third  avia-builder-el-first  first no_margin flex_column_div  '     ><\/div><div class='flex_column_table av-4kccrb-2aaf6fe34851a8b468c45f336f797070 sc-av_one_third av-equal-height-column-flextable'>\n<style type=\"text\/css\" data-created_by=\"avia_inline_auto\" id=\"style-css-av-4kccrb-2aaf6fe34851a8b468c45f336f797070\">\n#top .flex_column_table.av-equal-height-column-flextable.av-4kccrb-2aaf6fe34851a8b468c45f336f797070{\nmargin-top:0px;\nmargin-bottom:0px;\n}\n.flex_column.av-4kccrb-2aaf6fe34851a8b468c45f336f797070{\npadding:60px 40px 60px 60px;\nbackground-color:#ffffff;\n}\n<\/style>\n<div  class='flex_column av-4kccrb-2aaf6fe34851a8b468c45f336f797070 av_one_third  avia-builder-el-8  el_after_av_one_full  el_before_av_two_third  first no_margin flex_column_table_cell av-equal-height-column av-align-top av-animated-generic left-to-right  column-top-margin'     ><p>\n<style type=\"text\/css\" data-created_by=\"avia_inline_auto\" id=\"style-css-av-gplqn-ceb2cfddad4b277841a7a52c69eade25\">\n#top .av-special-heading.av-gplqn-ceb2cfddad4b277841a7a52c69eade25{\nmargin:0 0 0 0;\npadding-bottom:10px;\n}\nbody .av-special-heading.av-gplqn-ceb2cfddad4b277841a7a52c69eade25 .av-special-heading-tag .heading-char{\nfont-size:25px;\n}\n.av-special-heading.av-gplqn-ceb2cfddad4b277841a7a52c69eade25 .av-subheading{\nfont-size:15px;\n}\n<\/style>\n<div  id=\"sottolineato\"  class='av-special-heading av-gplqn-ceb2cfddad4b277841a7a52c69eade25 av-special-heading-h3 blockquote modern-quote  avia-builder-el-9  el_before_av_hr  avia-builder-el-first '><h3 class='av-special-heading-tag '  itemprop=\"headline\"  >Kontakte<\/h3><div class=\"special-heading-border\"><div class=\"special-heading-inner-border\"><\/div><\/div><\/div><br \/>\n\n<style type=\"text\/css\" data-created_by=\"avia_inline_auto\" id=\"style-css-av-11v0ip-bac0921f942f583876e441d3d0042688\">\n#top .hr.av-11v0ip-bac0921f942f583876e441d3d0042688{\nmargin-top:-10px;\nmargin-bottom:30px;\n}\n.hr.av-11v0ip-bac0921f942f583876e441d3d0042688 .hr-inner{\nwidth:80px;\nborder-color:#e01b22;\n}\n<\/style>\n<div  id=\"lineadetprod\"  class='hr av-11v0ip-bac0921f942f583876e441d3d0042688 hr-custom  avia-builder-el-10  el_after_av_heading  el_before_av_textblock  hr-left hr-icon-no'><span class='hr-inner inner-border-av-border-fat'><span class=\"hr-inner-style\"><\/span><\/span><\/div><br \/>\n<section  class='av_textblock_section av-lecr3xtu-991e2e793500e29c614fb22ad51c960c '   itemscope=\"itemscope\" itemtype=\"https:\/\/schema.org\/CreativeWork\" ><div class='avia_textblock'  itemprop=\"text\" ><p>Via Maja, 5 \u2013 21051 Arcisate (VA) \u2013 Italia<br \/>\nTel. <a href=\"tel:+39%200332%20203.626\">+39 0332 203.626<\/a><br \/>\nFax +39 0332 206.710<br \/>\nSkype Easydur Srl<br \/>\nEmail: <a href=\"mailto:info@easydur.com\">info@easydur.com<\/a><br \/>\nEmail: <a href=\"mailto:sales@easydur.com\">sales@easydur.com<\/a><\/p>\n<\/div><\/section><br \/>\n<section  id=\"socialcontatti\"  class='av_textblock_section av-lemuq7d9-587906356bf6874e51c22e23d5fa8f30 '   itemscope=\"itemscope\" itemtype=\"https:\/\/schema.org\/CreativeWork\" ><div class='avia_textblock'  itemprop=\"text\" ><ul class=\"noLightbox social_bookmarks icon_count_2\">\n<li class=\"social_bookmarks_linkedin av-social-link-linkedin social_icon_1\"><a title=\"LinkedIn\" href=\"https:\/\/www.linkedin.com\/company\/easydur\/\" target=\"_blank\" rel=\"noopener\" aria-label=\"Collegamento a LinkedIn\" aria-hidden=\"false\" data-av_icon=\"\ue8fc\" data-av_iconfont=\"entypo-fontello\"><span class=\"avia_hidden_link_text\">LinkedIn<\/span><\/a><\/li>\n<li class=\"social_bookmarks_instagram av-social-link-instagram social_icon_2\"><a title=\"Instagram\" href=\"https:\/\/www.instagram.com\/easydur.srl\/\" target=\"_blank\" rel=\"noopener\" aria-label=\"Collegamento a Instagram\" aria-hidden=\"false\" data-av_icon=\"\uf16d\" data-av_iconfont=\"entypo-fontello\"><span class=\"avia_hidden_link_text\">Instagram<\/span><\/a><\/li>\n<\/ul>\n<\/div><\/section><\/p><\/div>\n<style type=\"text\/css\" data-created_by=\"avia_inline_auto\" id=\"style-css-av-4desyn-3a596899742ddcdc69323a27f5dd6a38\">\n#top .flex_column_table.av-equal-height-column-flextable.av-4desyn-3a596899742ddcdc69323a27f5dd6a38{\nmargin-top:0px;\nmargin-bottom:0px;\n}\n.flex_column.av-4desyn-3a596899742ddcdc69323a27f5dd6a38{\npadding:60px 60px 60px 40px;\nbackground-color:#ffffff;\n}\n<\/style>\n<div  class='flex_column av-4desyn-3a596899742ddcdc69323a27f5dd6a38 av_two_third  avia-builder-el-13  el_after_av_one_third  avia-builder-el-last  no_margin flex_column_table_cell av-equal-height-column av-align-top av-animated-generic right-to-left  column-top-margin'     ><p>\n<style type=\"text\/css\" data-created_by=\"avia_inline_auto\" id=\"style-css-av-lemrlcea-81abe9a9b0888f1657f83ec27693dc8e\">\n#top .av-special-heading.av-lemrlcea-81abe9a9b0888f1657f83ec27693dc8e{\nmargin:0 0 0 0;\npadding-bottom:10px;\n}\nbody .av-special-heading.av-lemrlcea-81abe9a9b0888f1657f83ec27693dc8e .av-special-heading-tag .heading-char{\nfont-size:25px;\n}\n.av-special-heading.av-lemrlcea-81abe9a9b0888f1657f83ec27693dc8e .av-subheading{\nfont-size:15px;\n}\n<\/style>\n<div  id=\"sottolineato\"  class='av-special-heading av-lemrlcea-81abe9a9b0888f1657f83ec27693dc8e av-special-heading-h3 blockquote modern-quote  avia-builder-el-14  el_before_av_hr  avia-builder-el-first '><h3 class='av-special-heading-tag '  itemprop=\"headline\"  >Brauchen Sie Easydur?<\/h3><div class=\"special-heading-border\"><div class=\"special-heading-inner-border\"><\/div><\/div><\/div><br \/>\n\n<style type=\"text\/css\" data-created_by=\"avia_inline_auto\" id=\"style-css-av-8tz3b-f5d1287f8841b62387cef8542e7ef416\">\n#top .hr.av-8tz3b-f5d1287f8841b62387cef8542e7ef416{\nmargin-top:-10px;\nmargin-bottom:30px;\n}\n.hr.av-8tz3b-f5d1287f8841b62387cef8542e7ef416 .hr-inner{\nwidth:80px;\nborder-color:#e01b22;\n}\n<\/style>\n<div  id=\"lineadetprod\"  class='hr av-8tz3b-f5d1287f8841b62387cef8542e7ef416 hr-custom  avia-builder-el-15  el_after_av_heading  el_before_av_contact  hr-left hr-icon-no'><span class='hr-inner inner-border-av-border-fat'><span class=\"hr-inner-style\"><\/span><\/span><\/div><br \/>\n<form action=\"https:\/\/www.easydur.com\/de\/kontakte\/\" method=\"post\" data-fields-with-error=\"Fehler wurden in folgenden Feld(ern) gefunden:\" class=\"avia_ajax_form av-form-labels-visible   avia-builder-el-16  el_after_av_hr  el_before_av_codeblock   \" data-avia-form-id=\"1\" data-avia-redirect='' ><fieldset><p class='  first_form  form_element form_element_half' id='element_avia_1_1'><label for=\"avia_1_1\">Vorname <abbr class=\"required\" title=\"ben\u00f6tigt\">*<\/abbr><\/label> <input name=\"avia_1_1\" class=\"text_input is_empty\" type=\"text\" id=\"avia_1_1\" value=\"\" \/><\/p><p class='  form_element form_element_half' id='element_avia_2_1'><label for=\"avia_2_1\">E-Mail <abbr class=\"required\" title=\"ben\u00f6tigt\">*<\/abbr><\/label> <input name=\"avia_2_1\" class=\"text_input is_email\" type=\"text\" id=\"avia_2_1\" value=\"\" \/><\/p><p class='  first_form  form_element form_fullwidth' id='element_avia_3_1'><label for=\"avia_3_1\">Firma <abbr class=\"required\" title=\"ben\u00f6tigt\">*<\/abbr><\/label> <input name=\"avia_3_1\" class=\"text_input is_empty\" type=\"text\" id=\"avia_3_1\" value=\"\" \/><\/p><p class='  first_form  form_element form_element_half' id='element_avia_4_1'><label for=\"avia_4_1\">Ihre L\u00e4ndervorwahl <abbr class=\"required\" title=\"ben\u00f6tigt\">*<\/abbr><\/label> <input name=\"avia_4_1\" class=\"text_input is_empty\" type=\"text\" id=\"avia_4_1\" value=\"\" \/><\/p><p class='  form_element form_element_half' id='element_avia_5_1'><label for=\"avia_5_1\">Ihre Telefonnummer ohne L\u00e4ndervorwahl <abbr class=\"required\" title=\"ben\u00f6tigt\">*<\/abbr><\/label> <input name=\"avia_5_1\" class=\"text_input is_empty\" type=\"text\" id=\"avia_5_1\" value=\"\" \/><\/p><p class='  first_form  form_element form_fullwidth' id='element_avia_6_1'><label for=\"avia_6_1\" class=\"textare_label hidden textare_label_avia_6_1\">Nachricht <abbr class=\"required\" title=\"ben\u00f6tigt\">*<\/abbr><\/label><textarea  name=\"avia_6_1\" class=\"text_area is_empty\" cols=\"40\" rows=\"7\" id=\"avia_6_1\" ><\/textarea><\/p><p class=\"hidden\"><input type=\"text\" name=\"avia_7_1\" class=\"hidden \" id=\"avia_7_1\" value=\"\" \/><\/p><p class=' av_form_privacy_check av_contact_privacy_check first_form  form_element form_fullwidth' id='element_avia_8_1'><input  name=\"avia_8_1\" class=\"input_checkbox is_empty\" type=\"checkbox\" id=\"avia_8_1\" value=\"true\"\/><label class=\"input_checkbox_label\" for=\"avia_8_1\">Easydur SRL informiert die Benutzer dar\u00fcber, dass die Verarbeitung der von ihnen bereitgestellten personenbezogenen Daten in \u00dcbereinstimmung mit der neuesten Gemeinschaftsgesetzgebung, Verordnung 679\/2016 (DSGVO), erfolgt. Zu diesem Zweck und f\u00fcr detailliertere Informationen wird der Benutzer gebeten, die Datenschutzrichtlinie unter dem folgenden <a href=\"https:\/\/www.easydur.com\/de\/privacy-policy\/\" target=\"_blank\">LINK <\/a>zu lesen. <abbr class=\"required\" title=\"ben\u00f6tigt\">*<\/abbr><\/label><\/p><p class=\"form_element \"><input type=\"hidden\" value=\"1\" name=\"avia_generated_form1\" \/><input type=\"submit\" value=\"Senden Sie\" class=\"button\"  data-sending-label=\"Sende\"\/><\/p><\/fieldset><\/form><div id=\"ajaxresponse_1\" class=\"ajaxresponse ajaxresponse_1 hidden\"><\/div><br \/>\n<br \/>\n<section  class='av_textblock_section av-lnvgpxq6-beaf84d276a869567b0ff79281baf2f0 '   itemscope=\"itemscope\" itemtype=\"https:\/\/schema.org\/CreativeWork\" ><div class='avia_textblock'  itemprop=\"text\" ><p style=\"text-align: center;\"><strong>Bitte warten Sie auf die Best\u00e4tigung zum Senden der Nachricht<\/strong><\/p>\n<\/div><\/section><\/p><\/div><\/div><!--close column table wrapper. Autoclose: 1 --><\/div><\/div><\/div><!-- close content main div --><\/div><\/div><div id='after_section_2'  class='main_color av_default_container_wrap container_wrap sidebar_right'  ><div class='container av-section-cont-open' ><div class='template-page content  av-content-small alpha units'><div class='post-entry post-entry-type-page post-entry-6929'><div class='entry-content-wrapper clearfix'>\n","protected":false},"excerpt":{"rendered":"","protected":false},"author":1,"featured_media":6333,"parent":0,"menu_order":0,"comment_status":"closed","ping_status":"closed","template":"","meta":{"inline_featured_image":false,"footnotes":""},"class_list":["post-6929","page","type-page","status-publish","has-post-thumbnail","hentry"],"yoast_head":"<!-- This site is optimized with the Yoast SEO plugin v27.3 - https:\/\/yoast.com\/product\/yoast-seo-wordpress\/ -->\n<title>Kontakte der firma Easydur Srl<\/title>\n<meta name=\"description\" content=\"EASYDUR SRL, Messger\u00e4te - Kontakte: Via Maja, 5 \u2013 21051 Arcisate (VA) \u2013 Italien - Tel. +39 0332 203.626 - Fax +39 0332 206.710\" \/>\n<meta name=\"robots\" content=\"index, follow, max-snippet:-1, max-image-preview:large, max-video-preview:-1\" \/>\n<link rel=\"canonical\" href=\"https:\/\/www.easydur.com\/de\/kontakte\/\" \/>\n<meta property=\"og:locale\" content=\"de_DE\" \/>\n<meta property=\"og:type\" content=\"article\" \/>\n<meta property=\"og:title\" content=\"Kontakte der firma Easydur Srl\" \/>\n<meta property=\"og:description\" content=\"EASYDUR SRL, Messger\u00e4te - Kontakte: Via Maja, 5 \u2013 21051 Arcisate (VA) \u2013 Italien - Tel. +39 0332 203.626 - Fax +39 0332 206.710\" \/>\n<meta property=\"og:url\" content=\"https:\/\/www.easydur.com\/de\/kontakte\/\" \/>\n<meta property=\"og:site_name\" content=\"Easydur\" \/>\n<meta property=\"article:modified_time\" content=\"2023-10-23T14:49:40+00:00\" \/>\n<meta property=\"og:image\" content=\"https:\/\/www.easydur.com\/wp-content\/uploads\/contatti-easydur.jpg\" \/>\n\t<meta property=\"og:image:width\" content=\"400\" \/>\n\t<meta property=\"og:image:height\" content=\"400\" \/>\n\t<meta property=\"og:image:type\" content=\"image\/jpeg\" \/>\n<meta name=\"twitter:card\" content=\"summary_large_image\" \/>\n<meta name=\"twitter:label1\" content=\"Gesch\u00e4tzte Lesezeit\" \/>\n\t<meta name=\"twitter:data1\" content=\"6\u00a0Minuten\" \/>\n<script type=\"application\/ld+json\" class=\"yoast-schema-graph\">{\"@context\":\"https:\\\/\\\/schema.org\",\"@graph\":[{\"@type\":\"WebPage\",\"@id\":\"https:\\\/\\\/www.easydur.com\\\/de\\\/kontakte\\\/\",\"url\":\"https:\\\/\\\/www.easydur.com\\\/de\\\/kontakte\\\/\",\"name\":\"Kontakte der firma Easydur Srl\",\"isPartOf\":{\"@id\":\"https:\\\/\\\/www.easydur.com\\\/de\\\/#website\"},\"primaryImageOfPage\":{\"@id\":\"https:\\\/\\\/www.easydur.com\\\/de\\\/kontakte\\\/#primaryimage\"},\"image\":{\"@id\":\"https:\\\/\\\/www.easydur.com\\\/de\\\/kontakte\\\/#primaryimage\"},\"thumbnailUrl\":\"https:\\\/\\\/www.easydur.com\\\/wp-content\\\/uploads\\\/contatti-easydur.jpg\",\"datePublished\":\"2023-02-27T11:57:30+00:00\",\"dateModified\":\"2023-10-23T14:49:40+00:00\",\"description\":\"EASYDUR SRL, Messger\u00e4te - Kontakte: Via Maja, 5 \u2013 21051 Arcisate (VA) \u2013 Italien - Tel. +39 0332 203.626 - Fax +39 0332 206.710\",\"breadcrumb\":{\"@id\":\"https:\\\/\\\/www.easydur.com\\\/de\\\/kontakte\\\/#breadcrumb\"},\"inLanguage\":\"de\",\"potentialAction\":[{\"@type\":\"ReadAction\",\"target\":[\"https:\\\/\\\/www.easydur.com\\\/de\\\/kontakte\\\/\"]}]},{\"@type\":\"ImageObject\",\"inLanguage\":\"de\",\"@id\":\"https:\\\/\\\/www.easydur.com\\\/de\\\/kontakte\\\/#primaryimage\",\"url\":\"https:\\\/\\\/www.easydur.com\\\/wp-content\\\/uploads\\\/contatti-easydur.jpg\",\"contentUrl\":\"https:\\\/\\\/www.easydur.com\\\/wp-content\\\/uploads\\\/contatti-easydur.jpg\",\"width\":400,\"height\":400,\"caption\":\"Contatti Easydur Srl\"},{\"@type\":\"BreadcrumbList\",\"@id\":\"https:\\\/\\\/www.easydur.com\\\/de\\\/kontakte\\\/#breadcrumb\",\"itemListElement\":[{\"@type\":\"ListItem\",\"position\":1,\"name\":\"Home\",\"item\":\"https:\\\/\\\/www.easydur.com\\\/de\\\/easydur\\\/\"},{\"@type\":\"ListItem\",\"position\":2,\"name\":\"Kontakte\"}]},{\"@type\":\"WebSite\",\"@id\":\"https:\\\/\\\/www.easydur.com\\\/de\\\/#website\",\"url\":\"https:\\\/\\\/www.easydur.com\\\/de\\\/\",\"name\":\"Easydur\",\"description\":\"\",\"potentialAction\":[{\"@type\":\"SearchAction\",\"target\":{\"@type\":\"EntryPoint\",\"urlTemplate\":\"https:\\\/\\\/www.easydur.com\\\/de\\\/?s={search_term_string}\"},\"query-input\":{\"@type\":\"PropertyValueSpecification\",\"valueRequired\":true,\"valueName\":\"search_term_string\"}}],\"inLanguage\":\"de\"}]}<\/script>\n<!-- \/ Yoast SEO plugin. -->","yoast_head_json":{"title":"Kontakte der firma Easydur Srl","description":"EASYDUR SRL, Messger\u00e4te - Kontakte: Via Maja, 5 \u2013 21051 Arcisate (VA) \u2013 Italien - Tel. +39 0332 203.626 - Fax +39 0332 206.710","robots":{"index":"index","follow":"follow","max-snippet":"max-snippet:-1","max-image-preview":"max-image-preview:large","max-video-preview":"max-video-preview:-1"},"canonical":"https:\/\/www.easydur.com\/de\/kontakte\/","og_locale":"de_DE","og_type":"article","og_title":"Kontakte der firma Easydur Srl","og_description":"EASYDUR SRL, Messger\u00e4te - Kontakte: Via Maja, 5 \u2013 21051 Arcisate (VA) \u2013 Italien - Tel. +39 0332 203.626 - Fax +39 0332 206.710","og_url":"https:\/\/www.easydur.com\/de\/kontakte\/","og_site_name":"Easydur","article_modified_time":"2023-10-23T14:49:40+00:00","og_image":[{"width":400,"height":400,"url":"https:\/\/www.easydur.com\/wp-content\/uploads\/contatti-easydur.jpg","type":"image\/jpeg"}],"twitter_card":"summary_large_image","twitter_misc":{"Gesch\u00e4tzte Lesezeit":"6\u00a0Minuten"},"schema":{"@context":"https:\/\/schema.org","@graph":[{"@type":"WebPage","@id":"https:\/\/www.easydur.com\/de\/kontakte\/","url":"https:\/\/www.easydur.com\/de\/kontakte\/","name":"Kontakte der firma Easydur Srl","isPartOf":{"@id":"https:\/\/www.easydur.com\/de\/#website"},"primaryImageOfPage":{"@id":"https:\/\/www.easydur.com\/de\/kontakte\/#primaryimage"},"image":{"@id":"https:\/\/www.easydur.com\/de\/kontakte\/#primaryimage"},"thumbnailUrl":"https:\/\/www.easydur.com\/wp-content\/uploads\/contatti-easydur.jpg","datePublished":"2023-02-27T11:57:30+00:00","dateModified":"2023-10-23T14:49:40+00:00","description":"EASYDUR SRL, Messger\u00e4te - Kontakte: Via Maja, 5 \u2013 21051 Arcisate (VA) \u2013 Italien - Tel. +39 0332 203.626 - Fax +39 0332 206.710","breadcrumb":{"@id":"https:\/\/www.easydur.com\/de\/kontakte\/#breadcrumb"},"inLanguage":"de","potentialAction":[{"@type":"ReadAction","target":["https:\/\/www.easydur.com\/de\/kontakte\/"]}]},{"@type":"ImageObject","inLanguage":"de","@id":"https:\/\/www.easydur.com\/de\/kontakte\/#primaryimage","url":"https:\/\/www.easydur.com\/wp-content\/uploads\/contatti-easydur.jpg","contentUrl":"https:\/\/www.easydur.com\/wp-content\/uploads\/contatti-easydur.jpg","width":400,"height":400,"caption":"Contatti Easydur Srl"},{"@type":"BreadcrumbList","@id":"https:\/\/www.easydur.com\/de\/kontakte\/#breadcrumb","itemListElement":[{"@type":"ListItem","position":1,"name":"Home","item":"https:\/\/www.easydur.com\/de\/easydur\/"},{"@type":"ListItem","position":2,"name":"Kontakte"}]},{"@type":"WebSite","@id":"https:\/\/www.easydur.com\/de\/#website","url":"https:\/\/www.easydur.com\/de\/","name":"Easydur","description":"","potentialAction":[{"@type":"SearchAction","target":{"@type":"EntryPoint","urlTemplate":"https:\/\/www.easydur.com\/de\/?s={search_term_string}"},"query-input":{"@type":"PropertyValueSpecification","valueRequired":true,"valueName":"search_term_string"}}],"inLanguage":"de"}]}},"_links":{"self":[{"href":"https:\/\/www.easydur.com\/de\/wp-json\/wp\/v2\/pages\/6929","targetHints":{"allow":["GET"]}}],"collection":[{"href":"https:\/\/www.easydur.com\/de\/wp-json\/wp\/v2\/pages"}],"about":[{"href":"https:\/\/www.easydur.com\/de\/wp-json\/wp\/v2\/types\/page"}],"author":[{"embeddable":true,"href":"https:\/\/www.easydur.com\/de\/wp-json\/wp\/v2\/users\/1"}],"replies":[{"embeddable":true,"href":"https:\/\/www.easydur.com\/de\/wp-json\/wp\/v2\/comments?post=6929"}],"version-history":[{"count":0,"href":"https:\/\/www.easydur.com\/de\/wp-json\/wp\/v2\/pages\/6929\/revisions"}],"wp:featuredmedia":[{"embeddable":true,"href":"https:\/\/www.easydur.com\/de\/wp-json\/wp\/v2\/media\/6333"}],"wp:attachment":[{"href":"https:\/\/www.easydur.com\/de\/wp-json\/wp\/v2\/media?parent=6929"}],"curies":[{"name":"wp","href":"https:\/\/api.w.org\/{rel}","templated":true}]}}